{"id":5163,"date":"2024-08-05T10:31:16","date_gmt":"2024-08-05T08:31:16","guid":{"rendered":"https:\/\/www.treschers.de\/gruenes-gewissen\/"},"modified":"2026-04-02T16:09:06","modified_gmt":"2026-04-02T14:09:06","slug":"conscience-verte","status":"publish","type":"page","link":"https:\/\/www.treschers.de\/fr\/conscience-verte\/","title":{"rendered":"Conscience Verte"},"content":{"rendered":"<div id=\"pl-5163\"  class=\"panel-layout\" ><div id=\"pg-5163-0\"  class=\"panel-grid panel-no-style\" ><div id=\"pgc-5163-0-0\"  class=\"panel-grid-cell\" ><div id=\"panel-5163-0-0-0\" class=\"so-panel widget widget_wwm-headline-widget panel-first-child panel-last-child\" data-index=\"0\" ><div\n\t\t\t\n\t\t\tclass=\"so-widget-wwm-headline-widget so-widget-wwm-headline-widget-base\"\n\t\t\t\n\t\t><h1 style=\"text-align:center;\">Conscience verte<\/h1><\/div><\/div><\/div><\/div><div id=\"pg-5163-1\"  class=\"panel-grid panel-no-style\" ><div id=\"pgc-5163-1-0\"  class=\"panel-grid-cell panel-grid-cell-empty\" ><\/div><div id=\"pgc-5163-1-1\"  class=\"panel-grid-cell panel-grid-cell-mobile-last\" ><div id=\"panel-5163-1-1-0\" class=\"widget_text so-panel widget widget_custom_html panel-first-child\" data-index=\"1\" ><div class=\"textwidget custom-html-widget\"><video width=\"500\" height=\"auto\" autoplay muted autobuffer loop playsinline preload=\"auto\" style=\"position: relative; height: auto;\">\n<source src=\"https:\/\/www.treschers.de\/video\/treschers_counter.mp4\" type=\"video\/mp4\">\n<\/video><\/div><\/div><div id=\"panel-5163-1-1-1\" class=\"so-panel widget widget_wwm-text-widget panel-last-child\" data-index=\"2\" ><div\n\t\t\t\n\t\t\tclass=\"so-widget-wwm-text-widget so-widget-wwm-text-widget-base\"\n\t\t\t\n\t\t><div style=\"background:url();background-size:cover;color:;\"><div style=\"padding:0px;\"><p style=\"text-align: center;\">Les clients de l'h\u00f4tel ont le choix de renoncer au nettoyage quotidien de leur chambre et de faire planter un arbre \u00e0 la place. Cette initiative durable ne sert pas seulement l'environnement, mais aussi la communaut\u00e9 r\u00e9gionale.<\/p>\n<p style=\"text-align: center;\"><strong>Comment fonctionne la conscience verte ?<\/strong><\/p>\n<p style=\"text-align: center;\"><strong>Renoncer au nettoyage des chambres:<\/strong><br \/>\nLes clients qui optent pour la Conscience verte laissent leur chambre intacte pendant leur s\u00e9jour. Ils \u00e9conomisent ainsi de pr\u00e9cieuses ressources telles que l'eau et les produits de nettoyage.<\/p>\n<p style=\"text-align: center;\"><strong>Plantation d'arbres:<\/strong><br \/>\nEn guise de remerciement pour avoir renonc\u00e9 au nettoyage des chambres, un arbre est plant\u00e9 pour chaque client. Nous soutenons ainsi diff\u00e9rents projets en Allemagne de la \u00ab Stiftung Unternehmen Wald \u00bb de Hambourg.<\/p>\n<p style=\"text-align: center;\"><strong>La durabilit\u00e9 r\u00e9gionale:<\/strong><br \/>\nL'h\u00f4tel Treschers de la For\u00eat-Noire s'engage ainsi \u00e9galement au niveau local. Les dons \u00e0 la fondation de Fribourg renforcent la r\u00e9gion et cr\u00e9ent un effet positif pour l'environnement local.<\/p>\n<p style=\"text-align: center;\">Nous remercions tous les clients qui ont d\u00e9cid\u00e9 de ne pas nettoyer leur chambre et qui s'engagent pour la protection du climat.<\/p>\n<\/div><\/div><\/div><\/div><\/div><div id=\"pgc-5163-1-2\"  class=\"panel-grid-cell panel-grid-cell-empty\" ><\/div><\/div><div id=\"pg-5163-2\"  class=\"panel-grid panel-has-style\" ><div class=\"siteorigin-panels-stretch panel-row-style panel-row-style-for-5163-2\" data-stretch-type=\"full-width-stretch\" ><div id=\"pgc-5163-2-0\"  class=\"panel-grid-cell\" ><div id=\"panel-5163-2-0-0\" class=\"so-panel widget widget_wwm-image-box-widget panel-first-child panel-last-child\" data-index=\"3\" ><div\n\t\t\t\n\t\t\tclass=\"so-widget-wwm-image-box-widget so-widget-wwm-image-box-widget-base\"\n\t\t\t\n\t\t>\t<style>\n\t.wwm-image-box a { display: block; position: relative; z-index: 1000; }\n\t.wwm-image-box .image-6ff36327-54af-46bf-bf1c-334d89926dfa\t{ \n\t\ttransition: all .3s;\n\t\tfilter: blur(0px) brightness(50%) grayscale(0) opacity(1) sepia(0%); \n\t}\n\t.wwm-image-box .image-6ff36327-54af-46bf-bf1c-334d89926dfa:hover,\n\t.wwm-image-box a:hover .image-6ff36327-54af-46bf-bf1c-334d89926dfa\t{\n\t\ttransition: all .3s;\n\t\tfilter: blur(0px) brightness(100%) grayscale(0) opacity(1) sepia(0%); \n\t}\n\t<\/style>\n\t<div class=\"wwm-image-box\"><a href=\"https:\/\/www.treschers.de\/epaper\/broschuere\/mobile\/index.html\" target=\"_blank\"><img decoding=\"async\" class=\"image-6ff36327-54af-46bf-bf1c-334d89926dfa\" src=\"https:\/\/www.treschers.de\/wp-content\/uploads\/treschers-box-hotelbroschuere.jpg\" alt=\"\"><div>brochure<div class='wwm-image-box-separator'><\/div><\/div><\/a><\/div><\/div><\/div><\/div><div id=\"pgc-5163-2-1\"  class=\"panel-grid-cell\" ><div id=\"panel-5163-2-1-0\" class=\"so-panel widget widget_wwm-image-box-widget panel-first-child panel-last-child\" data-index=\"4\" ><div\n\t\t\t\n\t\t\tclass=\"so-widget-wwm-image-box-widget so-widget-wwm-image-box-widget-base\"\n\t\t\t\n\t\t>\t<style>\n\t.wwm-image-box a { display: block; position: relative; z-index: 1000; }\n\t.wwm-image-box .image-06e648ef-9b33-49c9-b88f-58da5ea9da19\t{ \n\t\ttransition: all .3s;\n\t\tfilter: blur(0px) brightness(50%) grayscale(0) opacity(1) sepia(0%); \n\t}\n\t.wwm-image-box .image-06e648ef-9b33-49c9-b88f-58da5ea9da19:hover,\n\t.wwm-image-box a:hover .image-06e648ef-9b33-49c9-b88f-58da5ea9da19\t{\n\t\ttransition: all .3s;\n\t\tfilter: blur(0px) brightness(100%) grayscale(0) opacity(1) sepia(0%); \n\t}\n\t<\/style>\n\t<div class=\"wwm-image-box\"><a href=\"https:\/\/www.treschers.de\/service-a-z\/\" target=\"_self\"><img decoding=\"async\" class=\"image-06e648ef-9b33-49c9-b88f-58da5ea9da19\" src=\"https:\/\/www.treschers.de\/wp-content\/uploads\/treschers-box-service.jpg\" alt=\"\"><div>Service de A \u00c0 Z<div class='wwm-image-box-separator'><\/div><\/div><\/a><\/div><\/div><\/div><\/div><div id=\"pgc-5163-2-2\"  class=\"panel-grid-cell\" ><div id=\"panel-5163-2-2-0\" class=\"so-panel widget widget_wwm-image-box-widget panel-first-child panel-last-child\" data-index=\"5\" ><div\n\t\t\t\n\t\t\tclass=\"so-widget-wwm-image-box-widget so-widget-wwm-image-box-widget-base\"\n\t\t\t\n\t\t>\t<style>\n\t.wwm-image-box a { display: block; position: relative; z-index: 1000; }\n\t.wwm-image-box .image-99033d0c-df0e-457e-8d9c-dea2e861bf0d\t{ \n\t\ttransition: all .3s;\n\t\tfilter: blur(0px) brightness(50%) grayscale(0) opacity(1) sepia(0%); \n\t}\n\t.wwm-image-box .image-99033d0c-df0e-457e-8d9c-dea2e861bf0d:hover,\n\t.wwm-image-box a:hover .image-99033d0c-df0e-457e-8d9c-dea2e861bf0d\t{\n\t\ttransition: all .3s;\n\t\tfilter: blur(0px) brightness(100%) grayscale(0) opacity(1) sepia(0%); \n\t}\n\t<\/style>\n\t<div class=\"wwm-image-box\"><a href=\"https:\/\/www.treschers.de\/spa\/\" target=\"_self\"><img decoding=\"async\" class=\"image-99033d0c-df0e-457e-8d9c-dea2e861bf0d\" src=\"https:\/\/www.treschers.de\/wp-content\/uploads\/treschers-box-spa.jpg\" alt=\"\"><div>SPA<div class='wwm-image-box-separator'><\/div><\/div><\/a><\/div><\/div><\/div><\/div><div id=\"pgc-5163-2-3\"  class=\"panel-grid-cell\" ><div id=\"panel-5163-2-3-0\" class=\"so-panel widget widget_wwm-image-box-widget panel-first-child\" data-index=\"6\" ><div\n\t\t\t\n\t\t\tclass=\"so-widget-wwm-image-box-widget so-widget-wwm-image-box-widget-base\"\n\t\t\t\n\t\t>\t<style>\n\t.wwm-image-box a { display: block; position: relative; z-index: 1000; }\n\t.wwm-image-box .image-47a9dcc4-b0c2-4651-ac69-b76238de7d33\t{ \n\t\ttransition: all .3s;\n\t\tfilter: blur(0px) brightness(50%) grayscale(0) opacity(1) sepia(0%); \n\t}\n\t.wwm-image-box .image-47a9dcc4-b0c2-4651-ac69-b76238de7d33:hover,\n\t.wwm-image-box a:hover .image-47a9dcc4-b0c2-4651-ac69-b76238de7d33\t{\n\t\ttransition: all .3s;\n\t\tfilter: blur(0px) brightness(100%) grayscale(0) opacity(1) sepia(0%); \n\t}\n\t<\/style>\n\t<div class=\"wwm-image-box\"><a href=\"https:\/\/www.mein-treschers.de\/blog\/\" target=\"_blank\"><img decoding=\"async\" class=\"image-47a9dcc4-b0c2-4651-ac69-b76238de7d33\" src=\"https:\/\/www.treschers.de\/wp-content\/uploads\/treschers-box-blog.jpg\" alt=\"\"><div>Blog<div class='wwm-image-box-separator'><\/div><\/div><\/a><\/div><\/div><\/div><\/div><\/div><\/div><\/div>","protected":false},"excerpt":{"rendered":"<p>Conscience verte Les clients de l&rsquo;h\u00f4tel ont le choix de renoncer au nettoyage quotidien de leur chambre et de faire planter un arbre \u00e0 la place. Cette initiative durable ne sert pas seulement l&rsquo;environnement, mais aussi la communaut\u00e9 r\u00e9gionale. Comment fonctionne la conscience verte ? Renoncer au nettoyage des chambres: [&hellip;]<\/p>\n","protected":false},"author":5,"featured_media":0,"parent":0,"menu_order":2,"comment_status":"closed","ping_status":"closed","template":"","meta":{"_acf_changed":false,"footnotes":""},"class_list":["post-5163","page","type-page","status-publish","hentry"],"acf":[],"_links":{"self":[{"href":"https:\/\/www.treschers.de\/fr\/wp-json\/wp\/v2\/pages\/5163","targetHints":{"allow":["GET"]}}],"collection":[{"href":"https:\/\/www.treschers.de\/fr\/wp-json\/wp\/v2\/pages"}],"about":[{"href":"https:\/\/www.treschers.de\/fr\/wp-json\/wp\/v2\/types\/page"}],"author":[{"embeddable":true,"href":"https:\/\/www.treschers.de\/fr\/wp-json\/wp\/v2\/users\/5"}],"replies":[{"embeddable":true,"href":"https:\/\/www.treschers.de\/fr\/wp-json\/wp\/v2\/comments?post=5163"}],"version-history":[{"count":8,"href":"https:\/\/www.treschers.de\/fr\/wp-json\/wp\/v2\/pages\/5163\/revisions"}],"predecessor-version":[{"id":6392,"href":"https:\/\/www.treschers.de\/fr\/wp-json\/wp\/v2\/pages\/5163\/revisions\/6392"}],"wp:attachment":[{"href":"https:\/\/www.treschers.de\/fr\/wp-json\/wp\/v2\/media?parent=5163"}],"curies":[{"name":"wp","href":"https:\/\/api.w.org\/{rel}","templated":true}]}}