{"id":4209,"date":"2022-11-17T10:40:28","date_gmt":"2022-11-17T09:40:28","guid":{"rendered":"https:\/\/www.treschers.de\/?page_id=4209"},"modified":"2024-01-29T15:52:01","modified_gmt":"2024-01-29T14:52:01","slug":"evaluations","status":"publish","type":"page","link":"https:\/\/www.treschers.de\/fr\/evaluations\/","title":{"rendered":"\u00c9valuations"},"content":{"rendered":"<div id=\"pl-4209\"  class=\"panel-layout\" ><div id=\"pg-4209-0\"  class=\"panel-grid panel-no-style\" ><div id=\"pgc-4209-0-0\"  class=\"panel-grid-cell\" ><div id=\"panel-4209-0-0-0\" class=\"so-panel widget widget_wwm-headline-widget panel-first-child panel-last-child\" data-index=\"0\" ><div\n\t\t\t\n\t\t\tclass=\"so-widget-wwm-headline-widget so-widget-wwm-headline-widget-base\"\n\t\t\t\n\t\t><h1 style=\"text-align:center;\">Avis<\/h1><\/div><\/div><\/div><\/div><div id=\"pg-4209-1\"  class=\"panel-grid panel-no-style\" ><div id=\"pgc-4209-1-0\"  class=\"panel-grid-cell panel-grid-cell-empty\" ><\/div><div id=\"pgc-4209-1-1\"  class=\"panel-grid-cell panel-grid-cell-mobile-last\" ><div id=\"panel-4209-1-1-0\" class=\"so-panel widget widget_wwm-text-widget panel-first-child panel-last-child\" data-index=\"1\" ><div\n\t\t\t\n\t\t\tclass=\"so-widget-wwm-text-widget so-widget-wwm-text-widget-base\"\n\t\t\t\n\t\t><div style=\"background:url();background-size:cover;color:;text-align:center;\"><div style=\"padding:0px;\"><p style=\"text-align: center;\">Nous remercions nos clients du fond du c\u0153ur pour leurs nombreuses \u00e9valuations positives et pour le temps qu\u2019ils ont pass\u00e9 \u00e0 les r\u00e9diger.<\/p>\n<p style=\"text-align: center;\">Rien ne vaut les avis honn\u00eates et authentiques de clients satisfaits. Pour vous \u00e9viter de chercher partout sur le Net, vous trouverez ici un aper\u00e7u de toutes les \u00e9valuations faites sur nous sur les diff\u00e9rents portails.<\/p>\n<\/div><\/div><\/div><\/div><\/div><div id=\"pgc-4209-1-2\"  class=\"panel-grid-cell panel-grid-cell-empty\" ><\/div><\/div><div id=\"pg-4209-2\"  class=\"panel-grid panel-has-style\" ><div class=\"siteorigin-panels-stretch panel-row-style panel-row-style-for-4209-2\" data-stretch-type=\"full-width-stretch\" ><div id=\"pgc-4209-2-0\"  class=\"panel-grid-cell panel-grid-cell-empty\" ><\/div><div id=\"pgc-4209-2-1\"  class=\"panel-grid-cell panel-grid-cell-mobile-last\" ><div id=\"panel-4209-2-1-0\" class=\"widget_text so-panel widget widget_custom_html panel-first-child panel-last-child\" data-index=\"2\" ><div class=\"textwidget custom-html-widget\"><div class=\"statBox\"><div class=\"statBoxLeft\"><div class=\"statBoxOverall\"><p class=\"statBoxOverallTitle statBoxTitle\">Indice de satisfaction de la client\u00e8le:<\/p><p class=\"statBoxOverallPercent\">94%<\/p><p class=\"statBoxOverallBar\"><span class=\"statBoxOverallBarInner\" style=\"width:94%\"><\/span><\/p><p class=\"statBoxOverallCount\">11749 \u00c9valuations<\/p><\/div><\/div><div class=\"statBoxRight\"><div class=\"statBoxSingles\"><p class=\"statBoxSingleTitle statBoxTitle\">Crit\u00e8re d'\u00e9valuation:<\/p><div class=\"statBoxSingle\"><p class=\"statBoxSingleTitle\">Chambre:<\/p><div class=\"star-ratings\"><div class=\"fill-ratings\" style=\"width: 93%;\">\n                <span>\u2605\u2605\u2605\u2605\u2605<\/span>\n                <\/div>\n                <div class=\"empty-ratings\">\n                <span>\u2605\u2605\u2605\u2605\u2605<\/span>\n                <\/div><\/div><\/div><div class=\"statBoxSingle\"><p class=\"statBoxSingleTitle\">Propret\u00e9:<\/p><div class=\"star-ratings\"><div class=\"fill-ratings\" style=\"width: 96%;\">\n                <span>\u2605\u2605\u2605\u2605\u2605<\/span>\n                <\/div>\n                <div class=\"empty-ratings\">\n                <span>\u2605\u2605\u2605\u2605\u2605<\/span>\n                <\/div><\/div><\/div><div class=\"statBoxSingle\"><p class=\"statBoxSingleTitle\">Service:<\/p><div class=\"star-ratings\"><div class=\"fill-ratings\" style=\"width: 96%;\">\n                <span>\u2605\u2605\u2605\u2605\u2605<\/span>\n                <\/div>\n                <div class=\"empty-ratings\">\n                <span>\u2605\u2605\u2605\u2605\u2605<\/span>\n                <\/div><\/div><\/div><\/div><\/div><\/div><div class=\"reviewPortalBoxTitle\">Note globale:<\/div><div class=\"reviewPortalBox\"><div class=\"singlePortalReviewBox\"><div class=\"singlePortalReviewName\">customeralliance <span class=\"singlePortalReviewStat\">(5.0\/5.0)<\/span><\/div><div class=\"singlePortalReviewBarBox\"><p class=\"singlePortalReviewBar\"><span class=\"singlePortalReviewBarInner\" style=\"width:96%\"><\/span><\/p><\/div><\/div><div class=\"singlePortalReviewBox\"><div class=\"singlePortalReviewName\">agoda <span class=\"singlePortalReviewStat\">(4.7\/5.0)<\/span><\/div><div class=\"singlePortalReviewBarBox\"><p class=\"singlePortalReviewBar\"><span class=\"singlePortalReviewBarInner\" style=\"width:92%\"><\/span><\/p><\/div><\/div><div class=\"singlePortalReviewBox\"><div class=\"singlePortalReviewName\">booking <span class=\"singlePortalReviewStat\">(4.7\/5.0)<\/span><\/div><div class=\"singlePortalReviewBarBox\"><p class=\"singlePortalReviewBar\"><span class=\"singlePortalReviewBarInner\" style=\"width:90%\"><\/span><\/p><\/div><\/div><div class=\"singlePortalReviewBox\"><div class=\"singlePortalReviewName\">google <span class=\"singlePortalReviewStat\">(4.7\/5.0)<\/span><\/div><div class=\"singlePortalReviewBarBox\"><p class=\"singlePortalReviewBar\"><span class=\"singlePortalReviewBarInner\" style=\"width:95%\"><\/span><\/p><\/div><\/div><div class=\"singlePortalReviewBox\"><div class=\"singlePortalReviewName\">holidaycheck <span class=\"singlePortalReviewStat\">(5.0\/5.0)<\/span><\/div><div class=\"singlePortalReviewBarBox\"><p class=\"singlePortalReviewBar\"><span class=\"singlePortalReviewBarInner\" style=\"width:96%\"><\/span><\/p><\/div><\/div><div class=\"singlePortalReviewBox\"><div class=\"singlePortalReviewName\">tripadvisor <span class=\"singlePortalReviewStat\">(4.5\/5.0)<\/span><\/div><div class=\"singlePortalReviewBarBox\"><p class=\"singlePortalReviewBar\"><span class=\"singlePortalReviewBarInner\" style=\"width:88%\"><\/span><\/p><\/div><\/div><\/div><a name=\"review\"><\/a><div class=\"reviewBoxTitle\">\u00c9valuations sur les h\u00f4tels:<\/div><div class=\"reviewBox\"><div class='reviewContainer'><div class=\"singleReviewBox\"><div class=\"singleReviewAuthor\">Garnier, Famille, 40-49 Ann\u00e9es<\/div><div class=\"star-ratings star-ratings2\"><div class=\"fill-ratings\" style=\"width: 100%;\">\n                <span class=\"sr2_stars1\">\u2605\u2605\u2605\u2605\u2605<\/span>\n                <\/div>\n                <div class=\"empty-ratings\">\n                <span class=\"sr2_stars2\">\u2605\u2605\u2605\u2605\u2605<\/span>\n                <\/div><\/div><div class=\"singleReviewRating\">5.0\/5.0<\/div><div class=\"singleReviewDate\">Note de 13.05.2026<\/div><div class=\"singleReviewComment\">Nous avons pass\u00e9 un superbe week end dans votre magnifique h\u00f4tel. Personnel tr\u00e8s attentionn\u00e9 que ce soit au restaurant ou le personnel de chambres. Le lieu est magique. Superbe petit d\u00e9jeuner avec beaucoup de choix. La piscine ext\u00e9rieure avec vue sur le lac est incroyable.<\/div><\/div><div class=\"singleReviewBox\"><div class=\"singleReviewAuthor\">Tritsch, Famille, 60-69 Ann\u00e9es<\/div><div class=\"star-ratings star-ratings2\"><div class=\"fill-ratings\" style=\"width: 100%;\">\n                <span class=\"sr2_stars1\">\u2605\u2605\u2605\u2605\u2605<\/span>\n                <\/div>\n                <div class=\"empty-ratings\">\n                <span class=\"sr2_stars2\">\u2605\u2605\u2605\u2605\u2605<\/span>\n                <\/div><\/div><div class=\"singleReviewRating\">5.0\/5.0<\/div><div class=\"singleReviewDate\">Note de 11.05.2026<\/div><div class=\"singleReviewComment\">S\u00e9jour tr\u00e8s agr\u00e9able<\/div><\/div><div class=\"singleReviewBox\"><div class=\"singleReviewAuthor\">Schneider, Couple, 70-79 Ann\u00e9es<\/div><div class=\"star-ratings star-ratings2\"><div class=\"fill-ratings\" style=\"width: 100%;\">\n                <span class=\"sr2_stars1\">\u2605\u2605\u2605\u2605\u2605<\/span>\n                <\/div>\n                <div class=\"empty-ratings\">\n                <span class=\"sr2_stars2\">\u2605\u2605\u2605\u2605\u2605<\/span>\n                <\/div><\/div><div class=\"singleReviewRating\">5.0\/5.0<\/div><div class=\"singleReviewDate\">Note de 21.04.2026<\/div><div class=\"singleReviewComment\">Une tr\u00e8s belle chambre avec terrasse donnant sur le lac, la salle de bain et WC sont modernes et parfaits. L\u2019ambiance chaleureuse des chalets en bois nous s\u00e9duit ainsi que le calme et l\u2019amabilit\u00e9 du personnel toujours pr\u00e9sent pour nous satisfaire. On sent dans cet h\u00f4tel un pass\u00e9 fait de qui\u00e9tude dans un environnement exceptionnel que celui de la For\u00eat Noire.<\/div><\/div><div class=\"singleReviewBox\"><div class=\"singleReviewAuthor\">Oudot, Couple, 60-69 Ann\u00e9es<\/div><div class=\"star-ratings star-ratings2\"><div class=\"fill-ratings\" style=\"width: 100%;\">\n                <span class=\"sr2_stars1\">\u2605\u2605\u2605\u2605\u2605<\/span>\n                <\/div>\n                <div class=\"empty-ratings\">\n                <span class=\"sr2_stars2\">\u2605\u2605\u2605\u2605\u2605<\/span>\n                <\/div><\/div><div class=\"singleReviewRating\">5.0\/5.0<\/div><div class=\"singleReviewDate\">Note de 21.04.2026<\/div><div class=\"singleReviewComment\">Sur internet  on avait demand\u00e9 une table pr\u00e9s d'une fen\u00eatre pour le d\u00eener, dommage que vous ne nous l'avez pas donn\u00e9. \nLe deuxi\u00e8me soir nous en avons eu une en demandant aupr\u00e8s de votre personnel lors du petit d\u00e9jeuner \nUn grand merci \u00e0 votre r\u00e9ceptionniste qui parle le fran\u00e7ais<\/div><\/div><div class=\"singleReviewBox\"><div class=\"singleReviewAuthor\">Valentin, Couple, 50-59 Ann\u00e9es<\/div><div class=\"star-ratings star-ratings2\"><div class=\"fill-ratings\" style=\"width: 100%;\">\n                <span class=\"sr2_stars1\">\u2605\u2605\u2605\u2605\u2605<\/span>\n                <\/div>\n                <div class=\"empty-ratings\">\n                <span class=\"sr2_stars2\">\u2605\u2605\u2605\u2605\u2605<\/span>\n                <\/div><\/div><div class=\"singleReviewRating\">5.0\/5.0<\/div><div class=\"singleReviewDate\">Note de 16.04.2026<\/div><div class=\"singleReviewComment\">Un agr\u00e9able moment reposant et un personnel toujours souriant et attentionn\u00e9 merci pour tout<\/div><\/div><div class=\"singleReviewBox\"><div class=\"singleReviewAuthor\">Manguelle Cannella, Couple, 50-59 Ann\u00e9es<\/div><div class=\"star-ratings star-ratings2\"><div class=\"fill-ratings\" style=\"width: 100%;\">\n                <span class=\"sr2_stars1\">\u2605\u2605\u2605\u2605\u2605<\/span>\n                <\/div>\n                <div class=\"empty-ratings\">\n                <span class=\"sr2_stars2\">\u2605\u2605\u2605\u2605\u2605<\/span>\n                <\/div><\/div><div class=\"singleReviewRating\">5.0\/5.0<\/div><div class=\"singleReviewDate\">Note de 15.04.2026<\/div><div class=\"singleReviewComment\">Notre s\u00e9jour s\u2019est tr\u00e8s bien pass\u00e9, mais j\u2019avais demand\u00e9 un service avant notre d\u00e9placement mais j\u2019ai pas eu de r\u00e9ponse \u00e0 \u00e7a message ci dessous.\nBONJOUR\nNous venons pour un s\u00e9jour romantique, anniversaire de couple\nNous voulons une chambre bien plac\u00e9e, vue d\u00e9gag\u00e9e.   \nMerci de votre compr\u00e9hension.<\/div><\/div><div class=\"singleReviewBox\"><div class=\"singleReviewAuthor\">Riethmuller, Couple, 30-39 Ann\u00e9es<\/div><div class=\"star-ratings star-ratings2\"><div class=\"fill-ratings\" style=\"width: 94%;\">\n                <span class=\"sr2_stars1\">\u2605\u2605\u2605\u2605\u2605<\/span>\n                <\/div>\n                <div class=\"empty-ratings\">\n                <span class=\"sr2_stars2\">\u2605\u2605\u2605\u2605\u2605<\/span>\n                <\/div><\/div><div class=\"singleReviewRating\">4.7\/5.0<\/div><div class=\"singleReviewDate\">Note de 15.04.2026<\/div><div class=\"singleReviewComment\">Tr\u00e8s belle surprise, la vu, les piscines et les plats.<\/div><\/div><div class=\"singleReviewBox\"><div class=\"singleReviewAuthor\">Pawlak, Couple, 40-49 Ann\u00e9es<\/div><div class=\"star-ratings star-ratings2\"><div class=\"fill-ratings\" style=\"width: 94%;\">\n                <span class=\"sr2_stars1\">\u2605\u2605\u2605\u2605\u2605<\/span>\n                <\/div>\n                <div class=\"empty-ratings\">\n                <span class=\"sr2_stars2\">\u2605\u2605\u2605\u2605\u2605<\/span>\n                <\/div><\/div><div class=\"singleReviewRating\">4.7\/5.0<\/div><div class=\"singleReviewDate\">Note de 12.04.2026<\/div><div class=\"singleReviewComment\">Super s\u00e9jour \ndommage que personne ne parle fran\u00e7ais vraiment<\/div><\/div><div class=\"singleReviewBox\"><div class=\"singleReviewAuthor\">De Salvador, Couple, 60-69 Ann\u00e9es<\/div><div class=\"star-ratings star-ratings2\"><div class=\"fill-ratings\" style=\"width: 100%;\">\n                <span class=\"sr2_stars1\">\u2605\u2605\u2605\u2605\u2605<\/span>\n                <\/div>\n                <div class=\"empty-ratings\">\n                <span class=\"sr2_stars2\">\u2605\u2605\u2605\u2605\u2605<\/span>\n                <\/div><\/div><div class=\"singleReviewRating\">5.0\/5.0<\/div><div class=\"singleReviewDate\">Note de 10.04.2026<\/div><div class=\"singleReviewComment\">Excellent. Tout \u00e9tait parfait.<\/div><\/div><div class=\"singleReviewBox\"><div class=\"singleReviewAuthor\">Moyon, Famille, 60-69 Ann\u00e9es<\/div><div class=\"star-ratings star-ratings2\"><div class=\"fill-ratings\" style=\"width: 100%;\">\n                <span class=\"sr2_stars1\">\u2605\u2605\u2605\u2605\u2605<\/span>\n                <\/div>\n                <div class=\"empty-ratings\">\n                <span class=\"sr2_stars2\">\u2605\u2605\u2605\u2605\u2605<\/span>\n                <\/div><\/div><div class=\"singleReviewRating\">5.0\/5.0<\/div><div class=\"singleReviewDate\">Note de 06.04.2026<\/div><div class=\"singleReviewComment\">Le service est excellent avec un personnel charmant, agr\u00e9able et attentionn\u00e9 que ce soit au buffet du petit-d\u00e9jeuner ou en chambre<\/div><\/div><div class=\"singleReviewBox\"><div class=\"singleReviewAuthor\">Mathis, , 60-69 Ann\u00e9es<\/div><div class=\"star-ratings star-ratings2\"><div class=\"fill-ratings\" style=\"width: 100%;\">\n                <span class=\"sr2_stars1\">\u2605\u2605\u2605\u2605\u2605<\/span>\n                <\/div>\n                <div class=\"empty-ratings\">\n                <span class=\"sr2_stars2\">\u2605\u2605\u2605\u2605\u2605<\/span>\n                <\/div><\/div><div class=\"singleReviewRating\">5.0\/5.0<\/div><div class=\"singleReviewDate\">Note de 13.03.2026<\/div><div class=\"singleReviewComment\">Excellente exp\u00e9rience<\/div><\/div><div class=\"singleReviewBox\"><div class=\"singleReviewAuthor\">Iller, Couple, 60-69 Ann\u00e9es<\/div><div class=\"star-ratings star-ratings2\"><div class=\"fill-ratings\" style=\"width: 100%;\">\n                <span class=\"sr2_stars1\">\u2605\u2605\u2605\u2605\u2605<\/span>\n                <\/div>\n                <div class=\"empty-ratings\">\n                <span class=\"sr2_stars2\">\u2605\u2605\u2605\u2605\u2605<\/span>\n                <\/div><\/div><div class=\"singleReviewRating\">5.0\/5.0<\/div><div class=\"singleReviewDate\">Note de 12.03.2026<\/div><div class=\"singleReviewComment\">Tr\u00e8s bel h\u00f4tel avec un excellent service. Un espace piscine\/spa superbe.<\/div><\/div><div class=\"singleReviewBox\"><div class=\"singleReviewAuthor\">Seghers, Couple, 70-79 Ann\u00e9es<\/div><div class=\"star-ratings star-ratings2\"><div class=\"fill-ratings\" style=\"width: 100%;\">\n                <span class=\"sr2_stars1\">\u2605\u2605\u2605\u2605\u2605<\/span>\n                <\/div>\n                <div class=\"empty-ratings\">\n                <span class=\"sr2_stars2\">\u2605\u2605\u2605\u2605\u2605<\/span>\n                <\/div><\/div><div class=\"singleReviewRating\">5.0\/5.0<\/div><div class=\"singleReviewDate\">Note de 17.02.2026<\/div><div class=\"singleReviewComment\">Un s\u00e9jour de relaxation tr\u00e8s agr\u00e9able<\/div><\/div><div class=\"singleReviewBox\"><div class=\"singleReviewAuthor\">Le Gac, Couple, 60-69 Ann\u00e9es<\/div><div class=\"star-ratings star-ratings2\"><div class=\"fill-ratings\" style=\"width: 100%;\">\n                <span class=\"sr2_stars1\">\u2605\u2605\u2605\u2605\u2605<\/span>\n                <\/div>\n                <div class=\"empty-ratings\">\n                <span class=\"sr2_stars2\">\u2605\u2605\u2605\u2605\u2605<\/span>\n                <\/div><\/div><div class=\"singleReviewRating\">5.0\/5.0<\/div><div class=\"singleReviewDate\">Note de 04.02.2026<\/div><div class=\"singleReviewComment\">parfait lieu de d\u00e9tente<\/div><\/div><div class=\"singleReviewBox\"><div class=\"singleReviewAuthor\">Douard, voyager seul, 60-69 Ann\u00e9es<\/div><div class=\"star-ratings star-ratings2\"><div class=\"fill-ratings\" style=\"width: 100%;\">\n                <span class=\"sr2_stars1\">\u2605\u2605\u2605\u2605\u2605<\/span>\n                <\/div>\n                <div class=\"empty-ratings\">\n                <span class=\"sr2_stars2\">\u2605\u2605\u2605\u2605\u2605<\/span>\n                <\/div><\/div><div class=\"singleReviewRating\">5.0\/5.0<\/div><div class=\"singleReviewDate\">Note de 27.01.2026<\/div><div class=\"singleReviewComment\">Tout est parfait! Bravo<\/div><\/div><div class=\"singleReviewBox\"><div class=\"singleReviewAuthor\">Bosler, Couple, 50-59 Ann\u00e9es<\/div><div class=\"star-ratings star-ratings2\"><div class=\"fill-ratings\" style=\"width: 100%;\">\n                <span class=\"sr2_stars1\">\u2605\u2605\u2605\u2605\u2605<\/span>\n                <\/div>\n                <div class=\"empty-ratings\">\n                <span class=\"sr2_stars2\">\u2605\u2605\u2605\u2605\u2605<\/span>\n                <\/div><\/div><div class=\"singleReviewRating\">5.0\/5.0<\/div><div class=\"singleReviewDate\">Note de 23.01.2026<\/div><div class=\"singleReviewComment\">Nous reviendrons \ud83d\ude01, l\u2019ensemble du s\u00e9jour, des \u00e9quipements et du personnel \u00e9tait tr\u00e8s appr\u00e9ci\u00e9.<\/div><\/div><\/div><\/div><div class=\"pagination-container\">Aktuelle Seite: 1 \/ 14 <a style=\"padding:9px;margin:0 10px 10px 0; font-size:20px;\" class=\"pagination\" href=\"?reviewspage=2#review\">weiter<\/a><\/div><\/div><\/div><\/div><div id=\"pgc-4209-2-2\"  class=\"panel-grid-cell panel-grid-cell-empty\" ><\/div><\/div><\/div><div id=\"pg-4209-3\"  class=\"panel-grid panel-has-style\" ><div class=\"siteorigin-panels-stretch panel-row-style panel-row-style-for-4209-3\" data-stretch-type=\"full-width-stretch\" ><div id=\"pgc-4209-3-0\"  class=\"panel-grid-cell\" ><div id=\"panel-4209-3-0-0\" class=\"so-panel widget widget_wwm-image-box-widget panel-first-child panel-last-child\" data-index=\"3\" ><div\n\t\t\t\n\t\t\tclass=\"so-widget-wwm-image-box-widget so-widget-wwm-image-box-widget-base\"\n\t\t\t\n\t\t>\t<style>\n\t.wwm-image-box a { display: block; position: relative; z-index: 1000; }\n\t.wwm-image-box .image-521ad8d7-e783-4769-be18-2801864b8579\t{ \n\t\ttransition: all .3s;\n\t\tfilter: blur(0px) brightness(50%) grayscale(0) opacity(1) sepia(0%); \n\t}\n\t.wwm-image-box .image-521ad8d7-e783-4769-be18-2801864b8579:hover,\n\t.wwm-image-box a:hover .image-521ad8d7-e783-4769-be18-2801864b8579\t{\n\t\ttransition: all .3s;\n\t\tfilter: blur(0px) brightness(100%) grayscale(0) opacity(1) sepia(0%); \n\t}\n\t<\/style>\n\t<div class=\"wwm-image-box\"><a href=\"https:\/\/www.treschers.de\/angebote\/\" target=\"_self\"><img decoding=\"async\" class=\"image-521ad8d7-e783-4769-be18-2801864b8579\" src=\"https:\/\/www.treschers.de\/wp-content\/uploads\/treschers-box-angebote.jpg\" alt=\"\"><div>Offres sp\u00e9ciales<div class='wwm-image-box-separator'><\/div><\/div><\/a><\/div><\/div><\/div><\/div><div id=\"pgc-4209-3-1\"  class=\"panel-grid-cell\" ><div id=\"panel-4209-3-1-0\" class=\"so-panel widget widget_wwm-image-box-widget panel-first-child panel-last-child\" data-index=\"4\" ><div\n\t\t\t\n\t\t\tclass=\"so-widget-wwm-image-box-widget so-widget-wwm-image-box-widget-base\"\n\t\t\t\n\t\t>\t<style>\n\t.wwm-image-box a { display: block; position: relative; z-index: 1000; }\n\t.wwm-image-box .image-7f653a62-3bbd-4dd9-a4ad-6c09bc8aac25\t{ \n\t\ttransition: all .3s;\n\t\tfilter: blur(0px) brightness(50%) grayscale(0) opacity(1) sepia(0%); \n\t}\n\t.wwm-image-box .image-7f653a62-3bbd-4dd9-a4ad-6c09bc8aac25:hover,\n\t.wwm-image-box a:hover .image-7f653a62-3bbd-4dd9-a4ad-6c09bc8aac25\t{\n\t\ttransition: all .3s;\n\t\tfilter: blur(0px) brightness(100%) grayscale(0) opacity(1) sepia(0%); \n\t}\n\t<\/style>\n\t<div class=\"wwm-image-box\"><a href=\"https:\/\/www.treschers.de\/service-a-z\/\" target=\"_self\"><img decoding=\"async\" class=\"image-7f653a62-3bbd-4dd9-a4ad-6c09bc8aac25\" src=\"https:\/\/www.treschers.de\/wp-content\/uploads\/treschers-box-service.jpg\" alt=\"\"><div>Services de A \u00e0 Z<div class='wwm-image-box-separator'><\/div><\/div><\/a><\/div><\/div><\/div><\/div><div id=\"pgc-4209-3-2\"  class=\"panel-grid-cell\" ><div id=\"panel-4209-3-2-0\" class=\"so-panel widget widget_wwm-image-box-widget panel-first-child panel-last-child\" data-index=\"5\" ><div\n\t\t\t\n\t\t\tclass=\"so-widget-wwm-image-box-widget so-widget-wwm-image-box-widget-base\"\n\t\t\t\n\t\t>\t<style>\n\t.wwm-image-box a { display: block; position: relative; z-index: 1000; }\n\t.wwm-image-box .image-5ecf5cd2-c660-4157-b3df-b8acf0f74679\t{ \n\t\ttransition: all .3s;\n\t\tfilter: blur(0px) brightness(50%) grayscale(0) opacity(1) sepia(0%); \n\t}\n\t.wwm-image-box .image-5ecf5cd2-c660-4157-b3df-b8acf0f74679:hover,\n\t.wwm-image-box a:hover .image-5ecf5cd2-c660-4157-b3df-b8acf0f74679\t{\n\t\ttransition: all .3s;\n\t\tfilter: blur(0px) brightness(100%) grayscale(0) opacity(1) sepia(0%); \n\t}\n\t<\/style>\n\t<div class=\"wwm-image-box\"><a href=\"https:\/\/www.treschers.de\/pdf\/green-rate-treschers-schwarzwaldhotel-titisee-neustadt.pdf\" target=\"_blank\"><img decoding=\"async\" class=\"image-5ecf5cd2-c660-4157-b3df-b8acf0f74679\" src=\"https:\/\/www.treschers.de\/wp-content\/uploads\/treschers-box-gruenes-gewissen.jpg\" alt=\"\"><div>Respect de l\u2019environnement<div class='wwm-image-box-separator'><\/div><\/div><\/a><\/div><\/div><\/div><\/div><div id=\"pgc-4209-3-3\"  class=\"panel-grid-cell\" ><div id=\"panel-4209-3-3-0\" class=\"so-panel widget widget_wwm-image-box-widget panel-first-child panel-last-child\" data-index=\"6\" ><div\n\t\t\t\n\t\t\tclass=\"so-widget-wwm-image-box-widget so-widget-wwm-image-box-widget-base\"\n\t\t\t\n\t\t>\t<style>\n\t.wwm-image-box a { display: block; position: relative; z-index: 1000; }\n\t.wwm-image-box .image-0ee25f28-0b40-4fde-877f-93e2e6e44cb0\t{ \n\t\ttransition: all .3s;\n\t\tfilter: blur(0px) brightness(50%) grayscale(0) opacity(1) sepia(0%); \n\t}\n\t.wwm-image-box .image-0ee25f28-0b40-4fde-877f-93e2e6e44cb0:hover,\n\t.wwm-image-box a:hover .image-0ee25f28-0b40-4fde-877f-93e2e6e44cb0\t{\n\t\ttransition: all .3s;\n\t\tfilter: blur(0px) brightness(100%) grayscale(0) opacity(1) sepia(0%); \n\t}\n\t<\/style>\n\t<div class=\"wwm-image-box\"><a href=\"https:\/\/www.treschers.de\/spa\/\" target=\"_self\"><img decoding=\"async\" class=\"image-0ee25f28-0b40-4fde-877f-93e2e6e44cb0\" src=\"\" alt=\"\"><div>SPA<div class='wwm-image-box-separator'><\/div><\/div><\/a><\/div><\/div><\/div><\/div><\/div><\/div><\/div>","protected":false},"excerpt":{"rendered":"<p>AvisNous remercions nos clients du fond du c\u0153ur pour leurs nombreuses \u00e9valuations positives et pour le temps qu\u2019ils ont pass\u00e9 \u00e0 les r\u00e9diger. Rien ne vaut les avis honn\u00eates et authentiques de clients satisfaits. Pour vous \u00e9viter de chercher partout sur le Net, vous trouverez ici un aper\u00e7u de toutes [&hellip;]<\/p>\n","protected":false},"author":5,"featured_media":0,"parent":0,"menu_order":2,"comment_status":"closed","ping_status":"closed","template":"","meta":{"_acf_changed":false,"footnotes":""},"class_list":["post-4209","page","type-page","status-publish","hentry"],"acf":[],"_links":{"self":[{"href":"https:\/\/www.treschers.de\/fr\/wp-json\/wp\/v2\/pages\/4209","targetHints":{"allow":["GET"]}}],"collection":[{"href":"https:\/\/www.treschers.de\/fr\/wp-json\/wp\/v2\/pages"}],"about":[{"href":"https:\/\/www.treschers.de\/fr\/wp-json\/wp\/v2\/types\/page"}],"author":[{"embeddable":true,"href":"https:\/\/www.treschers.de\/fr\/wp-json\/wp\/v2\/users\/5"}],"replies":[{"embeddable":true,"href":"https:\/\/www.treschers.de\/fr\/wp-json\/wp\/v2\/comments?post=4209"}],"version-history":[{"count":0,"href":"https:\/\/www.treschers.de\/fr\/wp-json\/wp\/v2\/pages\/4209\/revisions"}],"wp:attachment":[{"href":"https:\/\/www.treschers.de\/fr\/wp-json\/wp\/v2\/media?parent=4209"}],"curies":[{"name":"wp","href":"https:\/\/api.w.org\/{rel}","templated":true}]}}