{"id":4205,"date":"2022-11-17T12:27:20","date_gmt":"2022-11-17T11:27:20","guid":{"rendered":"https:\/\/www.treschers.de\/?page_id=4205"},"modified":"2026-04-13T09:39:00","modified_gmt":"2026-04-13T07:39:00","slug":"jours-de-carence","status":"publish","type":"page","link":"https:\/\/www.treschers.de\/fr\/jours-de-carence\/","title":{"rendered":"Jours de carence"},"content":{"rendered":"<div id=\"pl-4205\"  class=\"panel-layout\" ><div id=\"pg-4205-0\"  class=\"panel-grid panel-no-style\" ><div id=\"pgc-4205-0-0\"  class=\"panel-grid-cell\" ><div id=\"panel-4205-0-0-0\" class=\"so-panel widget widget_wwm-headline-widget panel-first-child panel-last-child\" data-index=\"0\" ><div\n\t\t\t\n\t\t\tclass=\"so-widget-wwm-headline-widget so-widget-wwm-headline-widget-base\"\n\t\t\t\n\t\t><h1 style=\"text-align:center;\">Place de derni\u00e8re minute au bord du lac Titisee<\/h1><\/div><\/div><\/div><\/div><div id=\"pg-4205-1\"  class=\"panel-grid panel-no-style\" ><div id=\"pgc-4205-1-0\"  class=\"panel-grid-cell panel-grid-cell-empty\" ><\/div><div id=\"pgc-4205-1-1\"  class=\"panel-grid-cell panel-grid-cell-mobile-last\" ><div id=\"panel-4205-1-1-0\" class=\"so-panel widget widget_wwm-text-widget panel-first-child panel-last-child\" data-index=\"1\" ><div\n\t\t\t\n\t\t\tclass=\"so-widget-wwm-text-widget so-widget-wwm-text-widget-base\"\n\t\t\t\n\t\t><div style=\"color:;text-align:center;\"><div style=\"padding:0px;\"><p style=\"text-align: center;\">Offrez-vous une pause spontan\u00e9e<\/p>\n<p style=\"text-align: center;\">Profitez de nos jours de cong\u00e9 exclusifs et profitez de la rare opportunit\u00e9 de rester une seule nuit le week-end - malgr\u00e9 le s\u00e9jour minimum habituel de deux nuits. M\u00eame lorsque les p\u00e9riodes sont presque compl\u00e8tes ou en semaine, il existe toujours des espaces libres int\u00e9ressants, id\u00e9aux pour de courtes vacances.<\/p>\n<p style=\"text-align: center;\">Votre r\u00e9cup\u00e9ration commence ici - les jours de cong\u00e9 actuels en un coup d'\u0153il:<\/p>\n<p style=\"text-align: center;\">Vendredi 22 mai (Pentec\u00f4te)<br \/>\nDimanche 24 mai (Pentec\u00f4te)<br \/>\nVendredi 29 mai<br \/>\nVendredi 12 juin<br \/>\nVendredi 19 juin<br \/>\nSamedi 20 juin<\/p>\n<\/div><\/div><\/div><\/div><\/div><div id=\"pgc-4205-1-2\"  class=\"panel-grid-cell panel-grid-cell-empty\" ><\/div><\/div><div id=\"pg-4205-2\"  class=\"panel-grid panel-has-style\" ><div class=\"siteorigin-panels-stretch panel-row-style panel-row-style-for-4205-2\" data-stretch-type=\"full-width-stretch\" ><div id=\"pgc-4205-2-0\"  class=\"panel-grid-cell\" ><div id=\"panel-4205-2-0-0\" class=\"so-panel widget widget_wwm-image-box-widget panel-first-child panel-last-child\" data-index=\"2\" ><div\n\t\t\t\n\t\t\tclass=\"so-widget-wwm-image-box-widget so-widget-wwm-image-box-widget-base\"\n\t\t\t\n\t\t>\t<style>\n\t.wwm-image-box a { display: block; position: relative; z-index: 1000; }\n\t.wwm-image-box .image-27132d10-52e9-4e54-9086-cf101cb4b48d\t{ \n\t\ttransition: all .3s;\n\t\tfilter: blur(0px) brightness(50%) grayscale(0) opacity(1) sepia(0%); \n\t}\n\t.wwm-image-box .image-27132d10-52e9-4e54-9086-cf101cb4b48d:hover,\n\t.wwm-image-box a:hover .image-27132d10-52e9-4e54-9086-cf101cb4b48d\t{\n\t\ttransition: all .3s;\n\t\tfilter: blur(0px) brightness(100%) grayscale(0) opacity(1) sepia(0%); \n\t}\n\t<\/style>\n\t<div class=\"wwm-image-box\"><a href=\"https:\/\/www.treschers.de\/angebote\/\" target=\"_self\"><img decoding=\"async\" class=\"image-27132d10-52e9-4e54-9086-cf101cb4b48d\" src=\"https:\/\/www.treschers.de\/wp-content\/uploads\/treschers-box-angebote.jpg\" alt=\"\"><div>Offres sp\u00e9ciales<div class='wwm-image-box-separator'><\/div><\/div><\/a><\/div><\/div><\/div><\/div><div id=\"pgc-4205-2-1\"  class=\"panel-grid-cell\" ><div id=\"panel-4205-2-1-0\" class=\"so-panel widget widget_wwm-image-box-widget panel-first-child panel-last-child\" data-index=\"3\" ><div\n\t\t\t\n\t\t\tclass=\"so-widget-wwm-image-box-widget so-widget-wwm-image-box-widget-base\"\n\t\t\t\n\t\t>\t<style>\n\t.wwm-image-box a { display: block; position: relative; z-index: 1000; }\n\t.wwm-image-box .image-1ea68072-3f55-4d73-a17a-7dabf2a3e12b\t{ \n\t\ttransition: all .3s;\n\t\tfilter: blur(0px) brightness(50%) grayscale(0) opacity(1) sepia(0%); \n\t}\n\t.wwm-image-box .image-1ea68072-3f55-4d73-a17a-7dabf2a3e12b:hover,\n\t.wwm-image-box a:hover .image-1ea68072-3f55-4d73-a17a-7dabf2a3e12b\t{\n\t\ttransition: all .3s;\n\t\tfilter: blur(0px) brightness(100%) grayscale(0) opacity(1) sepia(0%); \n\t}\n\t<\/style>\n\t<div class=\"wwm-image-box\"><a href=\"https:\/\/www.treschers.de\/service-a-z\/\" target=\"_self\"><img decoding=\"async\" class=\"image-1ea68072-3f55-4d73-a17a-7dabf2a3e12b\" src=\"https:\/\/www.treschers.de\/wp-content\/uploads\/treschers-box-service.jpg\" alt=\"\"><div>Services de A \u00e0 Z<div class='wwm-image-box-separator'><\/div><\/div><\/a><\/div><\/div><\/div><\/div><div id=\"pgc-4205-2-2\"  class=\"panel-grid-cell\" ><div id=\"panel-4205-2-2-0\" class=\"so-panel widget widget_wwm-image-box-widget panel-first-child panel-last-child\" data-index=\"4\" ><div\n\t\t\t\n\t\t\tclass=\"so-widget-wwm-image-box-widget so-widget-wwm-image-box-widget-base\"\n\t\t\t\n\t\t>\t<style>\n\t.wwm-image-box a { display: block; position: relative; z-index: 1000; }\n\t.wwm-image-box .image-07c7e370-32c9-4c0d-923d-8d8fbe23aa31\t{ \n\t\ttransition: all .3s;\n\t\tfilter: blur(0px) brightness(50%) grayscale(0) opacity(1) sepia(0%); \n\t}\n\t.wwm-image-box .image-07c7e370-32c9-4c0d-923d-8d8fbe23aa31:hover,\n\t.wwm-image-box a:hover .image-07c7e370-32c9-4c0d-923d-8d8fbe23aa31\t{\n\t\ttransition: all .3s;\n\t\tfilter: blur(0px) brightness(100%) grayscale(0) opacity(1) sepia(0%); \n\t}\n\t<\/style>\n\t<div class=\"wwm-image-box\"><a href=\"https:\/\/www.treschers.de\/pdf\/gruenes-gewissen-treschers-schwarzwaldhotel-titisee-neustadt.pdf\" target=\"_blank\"><img decoding=\"async\" class=\"image-07c7e370-32c9-4c0d-923d-8d8fbe23aa31\" src=\"https:\/\/www.treschers.de\/wp-content\/uploads\/treschers-box-gruenes-gewissen.jpg\" alt=\"\"><div>Respect de l\u2019environnement<div class='wwm-image-box-separator'><\/div><\/div><\/a><\/div><\/div><\/div><\/div><div id=\"pgc-4205-2-3\"  class=\"panel-grid-cell\" ><div id=\"panel-4205-2-3-0\" class=\"so-panel widget widget_wwm-image-box-widget panel-first-child panel-last-child\" data-index=\"5\" ><div\n\t\t\t\n\t\t\tclass=\"so-widget-wwm-image-box-widget so-widget-wwm-image-box-widget-base\"\n\t\t\t\n\t\t>\t<style>\n\t.wwm-image-box a { display: block; position: relative; z-index: 1000; }\n\t.wwm-image-box .image-2fb0fb82-e6c9-43af-84d2-cf8ec6260df2\t{ \n\t\ttransition: all .3s;\n\t\tfilter: blur(0px) brightness(50%) grayscale(0) opacity(1) sepia(0%); \n\t}\n\t.wwm-image-box .image-2fb0fb82-e6c9-43af-84d2-cf8ec6260df2:hover,\n\t.wwm-image-box a:hover .image-2fb0fb82-e6c9-43af-84d2-cf8ec6260df2\t{\n\t\ttransition: all .3s;\n\t\tfilter: blur(0px) brightness(100%) grayscale(0) opacity(1) sepia(0%); \n\t}\n\t<\/style>\n\t<div class=\"wwm-image-box\"><a href=\"https:\/\/www.treschers.de\/spa\/\" target=\"_self\"><img decoding=\"async\" class=\"image-2fb0fb82-e6c9-43af-84d2-cf8ec6260df2\" src=\"\" alt=\"\"><div>SPA<div class='wwm-image-box-separator'><\/div><\/div><\/a><\/div><\/div><\/div><\/div><\/div><\/div><\/div>","protected":false},"excerpt":{"rendered":"<p>Place de derni\u00e8re minute au bord du lac TitiseeOffrez-vous une pause spontan\u00e9e Profitez de nos jours de cong\u00e9 exclusifs et profitez de la rare opportunit\u00e9 de rester une seule nuit le week-end &#8211; malgr\u00e9 le s\u00e9jour minimum habituel de deux nuits. M\u00eame lorsque les p\u00e9riodes sont presque compl\u00e8tes ou en [&hellip;]<\/p>\n","protected":false},"author":5,"featured_media":0,"parent":0,"menu_order":2,"comment_status":"closed","ping_status":"closed","template":"","meta":{"_acf_changed":false,"footnotes":""},"class_list":["post-4205","page","type-page","status-publish","hentry"],"acf":[],"_links":{"self":[{"href":"https:\/\/www.treschers.de\/fr\/wp-json\/wp\/v2\/pages\/4205","targetHints":{"allow":["GET"]}}],"collection":[{"href":"https:\/\/www.treschers.de\/fr\/wp-json\/wp\/v2\/pages"}],"about":[{"href":"https:\/\/www.treschers.de\/fr\/wp-json\/wp\/v2\/types\/page"}],"author":[{"embeddable":true,"href":"https:\/\/www.treschers.de\/fr\/wp-json\/wp\/v2\/users\/5"}],"replies":[{"embeddable":true,"href":"https:\/\/www.treschers.de\/fr\/wp-json\/wp\/v2\/comments?post=4205"}],"version-history":[{"count":0,"href":"https:\/\/www.treschers.de\/fr\/wp-json\/wp\/v2\/pages\/4205\/revisions"}],"wp:attachment":[{"href":"https:\/\/www.treschers.de\/fr\/wp-json\/wp\/v2\/media?parent=4205"}],"curies":[{"name":"wp","href":"https:\/\/api.w.org\/{rel}","templated":true}]}}