{"id":4164,"date":"2019-05-31T12:47:30","date_gmt":"2019-05-31T10:47:30","guid":{"rendered":"https:\/\/www.treschers.de\/?page_id=4164"},"modified":"2025-04-28T09:30:31","modified_gmt":"2025-04-28T07:30:31","slug":"startseite","status":"publish","type":"page","link":"https:\/\/www.treschers.de\/fr\/","title":{"rendered":"Startseite"},"content":{"rendered":"<div id=\"pl-4164\"  class=\"panel-layout\" ><div id=\"pg-4164-0\"  class=\"panel-grid panel-has-style\" ><div class=\"siteorigin-panels-stretch panel-row-style panel-row-style-for-4164-0\" data-stretch-type=\"full\" ><div id=\"pgc-4164-0-0\"  class=\"panel-grid-cell\" ><div id=\"panel-4164-0-0-0\" class=\"so-panel widget widget_wwm-headline-widget panel-first-child\" data-index=\"0\" ><div\n\t\t\t\n\t\t\tclass=\"so-widget-wwm-headline-widget so-widget-wwm-headline-widget-base\"\n\t\t\t\n\t\t><a class=\"wwm-anchor\" name=\"anker\" id=\"sprungmarke\"><\/a><h1 style=\"text-align:center;\">Destination vacances<\/h1><\/div><\/div><div id=\"panel-4164-0-0-1\" class=\"so-panel widget widget_wwm-text-widget panel-last-child\" data-index=\"1\" ><div\n\t\t\t\n\t\t\tclass=\"so-widget-wwm-text-widget so-widget-wwm-text-widget-base\"\n\t\t\t\n\t\t><div style=\"background:url();background-size:cover;color:;text-align:center;\"><div style=\"padding:0px;\"><p style=\"text-align: center;\">DOUCEUR DE VIVRE AU BORD DE L\u2019EAU<\/p>\n<p style=\"text-align: center;\">Vue sur le lac : rien que ces mots sont magiques ! Le Treschers est id\u00e9alement situ\u00e9, sur les rives du lac Titisee<br \/>\naux eaux cristallines, dans la Haute For\u00eat-Noire.<br \/>\nLorsque la nature se refl\u00e8te dans le lac Titisee juste devant notre h\u00f4tel, que le vert intense des sapins<br \/>\nvous procure un sentiment de bien-\u00eatre et que vous respirez l\u2019air pur de la For\u00eat-Noire, vous savez<br \/>\nque vous avez trouv\u00e9 la destination de vacances id\u00e9ale \u2013 votre \u00eelot de tranquillit\u00e9 au milieu de la mer agit\u00e9e du temps.<br \/>\nBienvenue \u00e0 l\u2019h\u00f4tel Treschers, situ\u00e9 dans un cadre unique en For\u00eat-Noire !<\/p>\n<\/div><\/div><\/div><\/div><\/div><\/div><\/div><div id=\"pg-4164-1\"  class=\"panel-grid panel-has-style\" ><div class=\"siteorigin-panels-stretch panel-row-style panel-row-style-for-4164-1\" data-stretch-type=\"full-width-stretch\" ><div id=\"pgc-4164-1-0\"  class=\"panel-grid-cell\" ><div id=\"panel-4164-1-0-0\" class=\"so-panel widget widget_wwm-image-box-widget panel-first-child panel-last-child\" data-index=\"2\" ><div\n\t\t\t\n\t\t\tclass=\"so-widget-wwm-image-box-widget so-widget-wwm-image-box-widget-base\"\n\t\t\t\n\t\t>\t<style>\n\t.wwm-image-box a { display: block; position: relative; z-index: 1000; }\n\t.wwm-image-box .image-c5c10613-7d22-4598-a197-a9ff72d3fb1c\t{ \n\t\ttransition: all .3s;\n\t\tfilter: blur(0px) brightness(50%) grayscale(0) opacity(1) sepia(0%); \n\t}\n\t.wwm-image-box .image-c5c10613-7d22-4598-a197-a9ff72d3fb1c:hover,\n\t.wwm-image-box a:hover .image-c5c10613-7d22-4598-a197-a9ff72d3fb1c\t{\n\t\ttransition: all .3s;\n\t\tfilter: blur(0px) brightness(100%) grayscale(0) opacity(1) sepia(0%); \n\t}\n\t<\/style>\n\t<div class=\"wwm-image-box\"><a href=\"https:\/\/www.treschers.de\/epaper\/broschuere\/mobile\/index.html\" target=\"_blank\"><img decoding=\"async\" class=\"image-c5c10613-7d22-4598-a197-a9ff72d3fb1c\" src=\"https:\/\/www.treschers.de\/wp-content\/uploads\/treschers-box-hotelbroschuere.jpg\" alt=\"\"><div>Brochure<div class='wwm-image-box-separator'><\/div><\/div><\/a><\/div><\/div><\/div><\/div><div id=\"pgc-4164-1-1\"  class=\"panel-grid-cell\" ><div id=\"panel-4164-1-1-0\" class=\"so-panel widget widget_wwm-image-box-widget panel-first-child\" data-index=\"3\" ><div\n\t\t\t\n\t\t\tclass=\"so-widget-wwm-image-box-widget so-widget-wwm-image-box-widget-base\"\n\t\t\t\n\t\t>\t<style>\n\t.wwm-image-box a { display: block; position: relative; z-index: 1000; }\n\t.wwm-image-box .image-c73d11f7-029d-4789-a3bc-e99827c10f50\t{ \n\t\ttransition: all .3s;\n\t\tfilter: blur(0px) brightness(50%) grayscale(0) opacity(1) sepia(0%); \n\t}\n\t.wwm-image-box .image-c73d11f7-029d-4789-a3bc-e99827c10f50:hover,\n\t.wwm-image-box a:hover .image-c73d11f7-029d-4789-a3bc-e99827c10f50\t{\n\t\ttransition: all .3s;\n\t\tfilter: blur(0px) brightness(100%) grayscale(0) opacity(1) sepia(0%); \n\t}\n\t<\/style>\n\t<div class=\"wwm-image-box\"><a href=\"https:\/\/www.treschers.de\/fr\/conscience-verte\/\" target=\"_self\"><img decoding=\"async\" class=\"image-c73d11f7-029d-4789-a3bc-e99827c10f50\" src=\"https:\/\/www.treschers.de\/wp-content\/uploads\/treschers-box-gruenes-gewissen-1.jpg\" alt=\"\"><div>conscience verte<div class='wwm-image-box-separator'><\/div><\/div><\/a><\/div><\/div><\/div><\/div><div id=\"pgc-4164-1-2\"  class=\"panel-grid-cell\" ><div id=\"panel-4164-1-2-0\" class=\"so-panel widget widget_wwm-image-box-widget panel-first-child panel-last-child\" data-index=\"5\" ><div\n\t\t\t\n\t\t\tclass=\"so-widget-wwm-image-box-widget so-widget-wwm-image-box-widget-base\"\n\t\t\t\n\t\t>\t<style>\n\t.wwm-image-box a { display: block; position: relative; z-index: 1000; }\n\t.wwm-image-box .image-f7bb5d84-6be2-4e06-8d1b-2bffe58c2c55\t{ \n\t\ttransition: all .3s;\n\t\tfilter: blur(0px) brightness(50%) grayscale(0) opacity(1) sepia(0%); \n\t}\n\t.wwm-image-box .image-f7bb5d84-6be2-4e06-8d1b-2bffe58c2c55:hover,\n\t.wwm-image-box a:hover .image-f7bb5d84-6be2-4e06-8d1b-2bffe58c2c55\t{\n\t\ttransition: all .3s;\n\t\tfilter: blur(0px) brightness(100%) grayscale(0) opacity(1) sepia(0%); \n\t}\n\t<\/style>\n\t<div class=\"wwm-image-box\"><a href=\"https:\/\/voucherbooking.de\/treschers-titisee-neustadt\" target=\"_blank\"><img decoding=\"async\" class=\"image-f7bb5d84-6be2-4e06-8d1b-2bffe58c2c55\" src=\"https:\/\/www.treschers.de\/wp-content\/uploads\/treschers-box-gutschein.jpg\" alt=\"\"><div>Bon d\u2019achat<div class='wwm-image-box-separator'><\/div><\/div><\/a><\/div><\/div><\/div><\/div><div id=\"pgc-4164-1-3\"  class=\"panel-grid-cell\" ><div id=\"panel-4164-1-3-0\" class=\"so-panel widget widget_wwm-image-box-widget panel-first-child panel-last-child\" data-index=\"6\" ><div\n\t\t\t\n\t\t\tclass=\"so-widget-wwm-image-box-widget so-widget-wwm-image-box-widget-base\"\n\t\t\t\n\t\t>\t<style>\n\t.wwm-image-box a { display: block; position: relative; z-index: 1000; }\n\t.wwm-image-box .image-b0be7c27-09b2-487d-afda-3285a7d3aca2\t{ \n\t\ttransition: all .3s;\n\t\tfilter: blur(0px) brightness(50%) grayscale(0) opacity(1) sepia(0%); \n\t}\n\t.wwm-image-box .image-b0be7c27-09b2-487d-afda-3285a7d3aca2:hover,\n\t.wwm-image-box a:hover .image-b0be7c27-09b2-487d-afda-3285a7d3aca2\t{\n\t\ttransition: all .3s;\n\t\tfilter: blur(0px) brightness(100%) grayscale(0) opacity(1) sepia(0%); \n\t}\n\t<\/style>\n\t<div class=\"wwm-image-box\"><a href=\"https:\/\/portal.gastfreund.net\/treschers-schwarzwaldhotel?language=fr\" target=\"_blank\"><img decoding=\"async\" class=\"image-b0be7c27-09b2-487d-afda-3285a7d3aca2\" src=\"https:\/\/www.treschers.de\/wp-content\/uploads\/treschers-box-gastfreund.jpg\" alt=\"\"><div>Gastfreund<div class='wwm-image-box-separator'><\/div><\/div><\/a><\/div><\/div><\/div><\/div><\/div><\/div><div id=\"pg-4164-2\"  class=\"panel-grid panel-has-style\" ><div class=\"panel-row-style panel-row-style-for-4164-2\" ><div id=\"pgc-4164-2-0\"  class=\"panel-grid-cell panel-grid-cell-empty\" ><\/div><div id=\"pgc-4164-2-1\"  class=\"panel-grid-cell panel-grid-cell-mobile-last\" ><div id=\"panel-4164-2-1-0\" class=\"so-panel widget widget_wwm-headline-widget panel-first-child\" data-index=\"7\" ><div\n\t\t\t\n\t\t\tclass=\"so-widget-wwm-headline-widget so-widget-wwm-headline-widget-base\"\n\t\t\t\n\t\t><a class=\"wwm-anchor\" name=\"anker\" id=\"sprungmarke\"><\/a><h1 style=\"text-align:center;\">Treschers Time<\/h1><\/div><\/div><div id=\"panel-4164-2-1-1\" class=\"so-panel widget widget_wwm-text-widget panel-last-child\" data-index=\"8\" ><div\n\t\t\t\n\t\t\tclass=\"so-widget-wwm-text-widget so-widget-wwm-text-widget-base\"\n\t\t\t\n\t\t><div style=\"background:url();background-size:cover;color:;text-align:center;\"><div style=\"padding:0px;\"><p style=\"text-align: center;\">NOUS AVONS PENS\u00c9 \u00c0 TOUT<\/p>\n<p style=\"text-align: center;\">Notre h\u00f4tel de la For\u00eat-Noire a \u00e9t\u00e9 con\u00e7u pour vous permettre de vous d\u00e9tendre. Que ce soit en \u00e9t\u00e9 ou en hiver, quand on voit le soleil se lever sur le lac le matin, on sent tout de suite que l\u2019on passe des vacances de r\u00eave. Prendre son temps pour le petit d\u00e9jeuner, se promener ensemble, \u00e9couter, profiter du bien-\u00eatre, respirer\u2026 c\u2019est un moment qui n\u2019appartient qu\u2019\u00e0 vous.<\/p>\n<p>Vous offrir une escapade au Treschers, c\u2019est faire une pause bien-\u00eatre avec de nombreuses prestations incluses :<\/p>\n<p>\u00b7 Place de parking directement devant l\u2019h\u00f4tel<br \/>\n\u00b7 Carte KONUS pour prendre gratuitement le bus et le train<br \/>\n\u00b7 Wi-Fi (sauf dans l\u2019espace bien-\u00eatre et les restaurants)<br \/>\n\u00b7 Peignoirs, sac de bain, serviettes de bain dans la chambre<br \/>\n\u00b7 \u00c0 l\u2019arriv\u00e9e, minibar rempli de boissons sans alcool<br \/>\n\u00b7 Application Gastfreund pour tout ce qui rend les vacances encore meilleures<br \/>\n\u00b7 Informations et conseils pour organiser votre journ\u00e9e dans le bulletin quotidien de l\u2019h\u00f4tel, le \u00ab Treschers Morgenpost \u00bb<br \/>\n\u00b7 Journaux allemands et internationaux dans le hall de l\u2019h\u00f4tel et au bar au coin du feu<br \/>\n\u00b7 Vestiaires confortables dans l\u2019espace spa pour les clients qui arrivent t\u00f4t ou qui partent tard<\/p>\n<\/div><\/div><\/div><\/div><\/div><div id=\"pgc-4164-2-2\"  class=\"panel-grid-cell panel-grid-cell-empty\" ><\/div><\/div><\/div><div id=\"pg-4164-3\"  class=\"panel-grid panel-has-style\" ><div class=\"siteorigin-panels-stretch panel-row-style panel-row-style-for-4164-3\" data-stretch-type=\"full-width-stretch\" ><div id=\"pgc-4164-3-0\"  class=\"panel-grid-cell\" ><div id=\"panel-4164-3-0-0\" class=\"so-panel widget widget_wwm-image-box-widget panel-first-child panel-last-child\" data-index=\"9\" ><div\n\t\t\t\n\t\t\tclass=\"so-widget-wwm-image-box-widget so-widget-wwm-image-box-widget-base\"\n\t\t\t\n\t\t>\t<style>\n\t.wwm-image-box a { display: block; position: relative; z-index: 1000; }\n\t.wwm-image-box .image-f713e587-3be4-4e8c-ba8f-2123b2dc032e\t{ \n\t\ttransition: all .3s;\n\t\tfilter: blur(0px) brightness(50%) grayscale(0) opacity(1) sepia(0%); \n\t}\n\t.wwm-image-box .image-f713e587-3be4-4e8c-ba8f-2123b2dc032e:hover,\n\t.wwm-image-box a:hover .image-f713e587-3be4-4e8c-ba8f-2123b2dc032e\t{\n\t\ttransition: all .3s;\n\t\tfilter: blur(0px) brightness(100%) grayscale(0) opacity(1) sepia(0%); \n\t}\n\t<\/style>\n\t<div class=\"wwm-image-box\"><a href=\"https:\/\/www.treschers.de\/spa\/\" target=\"_self\"><img decoding=\"async\" class=\"image-f713e587-3be4-4e8c-ba8f-2123b2dc032e\" src=\"https:\/\/www.treschers.de\/wp-content\/uploads\/treschers-aussenpool-tag.jpg\" alt=\"\"><div>Plongez maintenant<div class='wwm-image-box-separator'><\/div><\/div><\/a><\/div><\/div><\/div><\/div><div id=\"pgc-4164-3-1\"  class=\"panel-grid-cell\" ><div id=\"panel-4164-3-1-0\" class=\"so-panel widget widget_wwm-image-box-widget panel-first-child panel-last-child\" data-index=\"10\" ><div\n\t\t\t\n\t\t\tclass=\"so-widget-wwm-image-box-widget so-widget-wwm-image-box-widget-base\"\n\t\t\t\n\t\t>\t<style>\n\t.wwm-image-box a { display: block; position: relative; z-index: 1000; }\n\t.wwm-image-box .image-c478d7c6-9827-4cb4-af0c-ba1a4880329d\t{ \n\t\ttransition: all .3s;\n\t\tfilter: blur(0px) brightness(50%) grayscale(0) opacity(1) sepia(0%); \n\t}\n\t.wwm-image-box .image-c478d7c6-9827-4cb4-af0c-ba1a4880329d:hover,\n\t.wwm-image-box a:hover .image-c478d7c6-9827-4cb4-af0c-ba1a4880329d\t{\n\t\ttransition: all .3s;\n\t\tfilter: blur(0px) brightness(100%) grayscale(0) opacity(1) sepia(0%); \n\t}\n\t<\/style>\n\t<div class=\"wwm-image-box\"><a href=\"https:\/\/www.treschers.de\/restaurant\/\" target=\"_self\"><img decoding=\"async\" class=\"image-c478d7c6-9827-4cb4-af0c-ba1a4880329d\" src=\"https:\/\/www.treschers.de\/wp-content\/uploads\/treschers-angebot-genussvolle-momente.jpg\" alt=\"\"><div>Moments de plaisir<div class='wwm-image-box-separator'><\/div><\/div><\/a><\/div><\/div><\/div><\/div><\/div><\/div><div id=\"pg-4164-4\"  class=\"panel-grid panel-has-style\" ><div class=\"siteorigin-panels-stretch panel-row-style panel-row-style-for-4164-4\" data-stretch-type=\"full\" ><div id=\"pgc-4164-4-0\"  class=\"panel-grid-cell\" ><div id=\"panel-4164-4-0-0\" class=\"so-panel widget widget_wwm-headline-widget panel-first-child\" data-index=\"11\" ><div\n\t\t\t\n\t\t\tclass=\"so-widget-wwm-headline-widget so-widget-wwm-headline-widget-base\"\n\t\t\t\n\t\t><a class=\"wwm-anchor\" name=\"anker\" id=\"sprungmarke\"><\/a><h1 style=\"text-align:center;\">Une vue magique sur le lac<\/h1><\/div><\/div><div id=\"panel-4164-4-0-1\" class=\"so-panel widget widget_siteorigin-panels-builder panel-last-child\" data-index=\"12\" ><div id=\"pl-w65b76f98d1575\"  class=\"panel-layout\" ><div id=\"pg-w65b76f98d1575-0\"  class=\"panel-grid panel-no-style\" ><div id=\"pgc-w65b76f98d1575-0-0\"  class=\"panel-grid-cell panel-grid-cell-empty\" ><\/div><div id=\"pgc-w65b76f98d1575-0-1\"  class=\"panel-grid-cell panel-grid-cell-mobile-last\" ><div id=\"panel-w65b76f98d1575-0-1-0\" class=\"so-panel widget widget_wwm-text-widget panel-first-child panel-last-child\" data-index=\"0\" ><div\n\t\t\t\n\t\t\tclass=\"so-widget-wwm-text-widget so-widget-wwm-text-widget-base\"\n\t\t\t\n\t\t><div style=\"background:url();background-size:cover;color:;text-align:center;\"><div style=\"padding:0px;\"><p style=\"text-align: center;\">Au Treschers, vous vous baignerez toute l\u2019ann\u00e9e dans ou au bord du lac Titisee. \u00c9vacuez le quotidien et faites place \u00e0 la d\u00e9tente. Nager, aller au sauna, faire du sport, sans oublier les massages, les soins cosm\u00e9tiques, le spa et la beaut\u00e9\u2026 Tous vos souhaits seront exauc\u00e9s dans le vaste et confortable espace bien-\u00eatre. Le grand espace ext\u00e9rieur qui relie le lac \u00e0 l\u2019h\u00f4tel est \u00e0 la fois somptueux et accueillant. On a l\u2019impression d\u2019\u00eatre au c\u0153ur des choses, mais sans \u00eatre d\u00e9rang\u00e9. La piscine ext\u00e9rieure est chauff\u00e9e toute l\u2019ann\u00e9e et constitue \u00e9galement un \u00e9l\u00e9ment incontournable en hiver.<\/p>\n<p>Chez Treschers, on fait la part belle \u00e0 la gastronomie. Le matin, vous pourrez prendre un copieux petit d\u00e9jeuner sous forme de buffet ; \u00e0 midi, la carte des en-cas comblera vos petits creux ; l\u2019apr\u00e8s-midi, vous pourrez d\u00e9guster du th\u00e9 et du caf\u00e9 ainsi que des g\u00e2teaux et des tartes pr\u00e9par\u00e9es par les p\u00e2tissiers de l\u2019h\u00f4tel, et le soir, vous pourrez savourer un menu \u00e0 quatre plats, le tout avec une vue magique sur le lac. Le soir, d\u00e9gustez un bon vin de notre cave vari\u00e9e, un d\u00e9licieux cocktail ou un dernier verre en assistant \u00e0 un concert ou en profitant du feu de chemin\u00e9e dans le piano-bar. La perfection.<\/p>\n<\/div><\/div><\/div><\/div><\/div><div id=\"pgc-w65b76f98d1575-0-2\"  class=\"panel-grid-cell panel-grid-cell-empty\" ><\/div><\/div><\/div><\/div><\/div><\/div><\/div><div id=\"pg-4164-5\"  class=\"panel-grid panel-no-style\" ><div id=\"pgc-4164-5-0\"  class=\"panel-grid-cell\" ><div id=\"panel-4164-5-0-0\" class=\"so-panel widget panel-first-child panel-last-child\" data-index=\"13\" ><\/div><\/div><\/div><\/div>","protected":false},"excerpt":{"rendered":"<p>Destination vacancesDOUCEUR DE VIVRE AU BORD DE L\u2019EAU Vue sur le lac : rien que ces mots sont magiques ! Le Treschers est id\u00e9alement situ\u00e9, sur les rives du lac Titisee aux eaux cristallines, dans la Haute For\u00eat-Noire. Lorsque la nature se refl\u00e8te dans le lac Titisee juste devant notre [&hellip;]<\/p>\n","protected":false},"author":3,"featured_media":0,"parent":0,"menu_order":0,"comment_status":"closed","ping_status":"closed","template":"","meta":{"_acf_changed":false,"footnotes":""},"class_list":["post-4164","page","type-page","status-publish","hentry"],"acf":[],"_links":{"self":[{"href":"https:\/\/www.treschers.de\/fr\/wp-json\/wp\/v2\/pages\/4164","targetHints":{"allow":["GET"]}}],"collection":[{"href":"https:\/\/www.treschers.de\/fr\/wp-json\/wp\/v2\/pages"}],"about":[{"href":"https:\/\/www.treschers.de\/fr\/wp-json\/wp\/v2\/types\/page"}],"author":[{"embeddable":true,"href":"https:\/\/www.treschers.de\/fr\/wp-json\/wp\/v2\/users\/3"}],"replies":[{"embeddable":true,"href":"https:\/\/www.treschers.de\/fr\/wp-json\/wp\/v2\/comments?post=4164"}],"version-history":[{"count":10,"href":"https:\/\/www.treschers.de\/fr\/wp-json\/wp\/v2\/pages\/4164\/revisions"}],"predecessor-version":[{"id":5171,"href":"https:\/\/www.treschers.de\/fr\/wp-json\/wp\/v2\/pages\/4164\/revisions\/5171"}],"wp:attachment":[{"href":"https:\/\/www.treschers.de\/fr\/wp-json\/wp\/v2\/media?parent=4164"}],"curies":[{"name":"wp","href":"https:\/\/api.w.org\/{rel}","templated":true}]}}